{"id":1613,"date":"2023-06-23T14:17:16","date_gmt":"2023-06-23T12:17:16","guid":{"rendered":"http:\/\/rightstaff.home.pl\/staffpartners\/?page_id=1613"},"modified":"2025-09-05T11:51:34","modified_gmt":"2025-09-05T09:51:34","slug":"recruitment-of-employees-warsaw","status":"publish","type":"page","link":"https:\/\/www.staffpartners.pl\/en\/recruitment-of-employees-warsaw\/","title":{"rendered":"RECRUITMENT OF EMPLOYEES WARSAW"},"content":{"rendered":"<div data-elementor-type=\"wp-page\" data-elementor-id=\"1613\" class=\"elementor elementor-1613\">\n\t\t\t\t\t\t<section class=\"elementor-section elementor-top-section elementor-element elementor-element-345faa2f elementor-section-boxed elementor-section-height-default elementor-section-height-default\" data-id=\"345faa2f\" data-element_type=\"section\">\n\t\t\t\t\t\t<div class=\"elementor-container elementor-column-gap-default\">\n\t\t\t\t\t<div class=\"elementor-column elementor-col-100 elementor-top-column elementor-element elementor-element-f0bc8f9\" data-id=\"f0bc8f9\" data-element_type=\"column\">\n\t\t\t<div class=\"elementor-widget-wrap elementor-element-populated\">\n\t\t\t\t\t\t<div class=\"elementor-element elementor-element-14fe6e6a elementor-widget elementor-widget-text-editor\" data-id=\"14fe6e6a\" data-element_type=\"widget\" data-widget_type=\"text-editor.default\">\n\t\t\t\t<div class=\"elementor-widget-container\">\n\t\t\t\t\t\t\t<h1><span style=\"color: #ffffff;\">RECRUITMENT OF EMPLOYEES WARSAW<\/span><\/h1>\t\t\t\t\t\t<\/div>\n\t\t\t\t<\/div>\n\t\t\t\t\t<\/div>\n\t\t<\/div>\n\t\t\t\t\t<\/div>\n\t\t<\/section>\n\t\t\t\t<section class=\"elementor-section elementor-top-section elementor-element elementor-element-49bccd79 animated-slow elementor-section-boxed elementor-section-height-default elementor-section-height-default elementor-invisible\" data-id=\"49bccd79\" data-element_type=\"section\" data-settings=\"{&quot;animation&quot;:&quot;fadeIn&quot;}\">\n\t\t\t\t\t\t<div class=\"elementor-container elementor-column-gap-default\">\n\t\t\t\t\t<div class=\"elementor-column elementor-col-100 elementor-top-column elementor-element elementor-element-7eee33f5\" data-id=\"7eee33f5\" data-element_type=\"column\">\n\t\t\t<div class=\"elementor-widget-wrap elementor-element-populated\">\n\t\t\t\t\t\t<div class=\"elementor-element elementor-element-5106bed0 elementor-widget elementor-widget-text-editor\" data-id=\"5106bed0\" data-element_type=\"widget\" data-widget_type=\"text-editor.default\">\n\t\t\t\t<div class=\"elementor-widget-container\">\n\t\t\t\t\t\t\t<h2 style=\"text-align: center;\">Recruitment services in Warsaw<\/h2><p>Standard recruitment and selection of employees allows you to reach candidates active in the labour market. Warsaw is a very dynamic, thriving and receptive market. It is a city where employers are seeking to attract experienced and talented employees. We will identify and recruit the best candidates.<\/p>\t\t\t\t\t\t<\/div>\n\t\t\t\t<\/div>\n\t\t\t\t<section class=\"elementor-section elementor-inner-section elementor-element elementor-element-245b0d7b elementor-section-boxed elementor-section-height-default elementor-section-height-default\" data-id=\"245b0d7b\" data-element_type=\"section\">\n\t\t\t\t\t\t<div class=\"elementor-container elementor-column-gap-default\">\n\t\t\t\t\t<div class=\"elementor-column elementor-col-100 elementor-inner-column elementor-element elementor-element-2d78fd4b\" data-id=\"2d78fd4b\" data-element_type=\"column\">\n\t\t\t<div class=\"elementor-widget-wrap elementor-element-populated\">\n\t\t\t\t\t\t<div class=\"elementor-element elementor-element-e8947a2 elementor-widget elementor-widget-text-editor\" data-id=\"e8947a2\" data-element_type=\"widget\" data-widget_type=\"text-editor.default\">\n\t\t\t\t<div class=\"elementor-widget-container\">\n\t\t\t\t\t\t\t<p>Most often, we also extend our search with advertisements published in the regional and national press, we cooperate on a permanent basis with the best internet job portals, universities, labour offices, and we use other unconventional methods. We also use modern tools - including social media.<\/p><h2 style=\"text-align: center;\">HR consulting in Warsaw<\/h2><p>We provide the support of recruitment experts who can help you build a competent team regardless of your company's profile and needs.<\/p>\t\t\t\t\t\t<\/div>\n\t\t\t\t<\/div>\n\t\t\t\t\t<\/div>\n\t\t<\/div>\n\t\t\t\t\t<\/div>\n\t\t<\/section>\n\t\t\t\t\t<\/div>\n\t\t<\/div>\n\t\t\t\t\t<\/div>\n\t\t<\/section>\n\t\t\t\t<section class=\"elementor-section elementor-top-section elementor-element elementor-element-46476380 elementor-section-boxed elementor-section-height-default elementor-section-height-default\" data-id=\"46476380\" data-element_type=\"section\">\n\t\t\t\t\t\t<div class=\"elementor-container elementor-column-gap-no\">\n\t\t\t\t\t<div class=\"elementor-column elementor-col-100 elementor-top-column elementor-element elementor-element-39a1a61d\" data-id=\"39a1a61d\" data-element_type=\"column\">\n\t\t\t<div class=\"elementor-widget-wrap elementor-element-populated\">\n\t\t\t\t\t\t<div class=\"elementor-element elementor-element-610b8ca elementor-widget elementor-widget-jobhunt_elementor_jobhunt_job_list_block\" data-id=\"610b8ca\" data-element_type=\"widget\" data-widget_type=\"jobhunt_elementor_jobhunt_job_list_block.default\">\n\t\t\t\t<div class=\"elementor-widget-container\">\n\t\t\t    <section class=\"jh-section job-list-section\" >\n        <div class=\"container\">\n            <div class=\"section-header\">\n                                    <h3 class=\"section-title\">JOB OFFERS<\/h3>\n                                            <\/div>\n            <div class=\"job_listings\" data-location=\"Warszawa\" data-keywords=\"\" data-show_filters=\"false\" data-show_pagination=\"false\" data-per_page=\"6\" data-orderby=\"featured\" data-order=\"DESC\" data-categories=\"\" >\n                <div class=\"showing_jobs\">\n            <span>Showing 1 - 6 of 16 jobs<\/span>\n        <\/div>                \n                <ul class=\"job_listings list\">\n                                    <li class=\"post-3412 job_listing type-job_listing status-publish has-post-thumbnail hentry job_listing_type-stala job-type-stala job_position_featured\" data-longitude=\"\" data-latitude=\"\">\n\t<a href=\"https:\/\/www.staffpartners.pl\/en\/job\/specjalista-specjalistka-ds-obslugi-kadrowo-placowej-pracownikow-oddelegowanych\/\"><div class=\"job-listing-company-logo\"><img decoding=\"async\" class=\"company_logo\" src=\"https:\/\/www.staffpartners.pl\/wp-content\/uploads\/2024\/01\/82499376_1542296659242992_3227265488803332096_o-150x150.jpg\" alt=\"\" \/><\/div><div class=\"job-details\"><div class=\"job-details-inner\"><h3 class=\"job-listing-loop-job__title\">Specjalista \/ Specjalistka ds. obs\u0142ugi kadrowo-p\u0142acowej pracownik\u00f3w oddelegowanych<\/h3><div class=\"job-listing-company company\">\n                                <\/div><div class=\"job-location location\">\n            <i class=\"la la-map-marker\"><\/i>Warsaw        <\/div><\/div><!-- \/.job-details-inner --><div class=\"job-listing-meta meta\"><div class=\"job-location location\">\n            <i class=\"la la-map-marker\"><\/i>Warsaw        <\/div>                        <ul class=\"job-types\">                        <li class=\"job-type stala\">\n                            Permanent                        <\/li>\n                    <\/ul><span class=\"job-published-date date\"><time datetime=\"2026-04-16\">3 days ago<\/time><\/span><\/div><\/div><!-- \/.job-details --><\/a><\/li>                                    <li class=\"post-3407 job_listing type-job_listing status-publish has-post-thumbnail hentry job_listing_type-stala job-type-stala job_position_featured\" data-longitude=\"\" data-latitude=\"\">\n\t<a href=\"https:\/\/www.staffpartners.pl\/en\/job\/mobility-and-payroll-specialist\/\"><div class=\"job-listing-company-logo\"><img decoding=\"async\" class=\"company_logo\" src=\"https:\/\/www.staffpartners.pl\/wp-content\/uploads\/2024\/06\/Depositphotos_141733780_XL-150x150.jpg\" alt=\"\" \/><\/div><div class=\"job-details\"><div class=\"job-details-inner\"><h3 class=\"job-listing-loop-job__title\">Specjalista\/tka ds. relokacji cudzoziemc\u00f3w i p\u0142ac<\/h3><div class=\"job-listing-company company\">\n                                <\/div><div class=\"job-location location\">\n            <i class=\"la la-map-marker\"><\/i>Warsaw        <\/div><\/div><!-- \/.job-details-inner --><div class=\"job-listing-meta meta\"><div class=\"job-location location\">\n            <i class=\"la la-map-marker\"><\/i>Warsaw        <\/div>                        <ul class=\"job-types\">                        <li class=\"job-type stala\">\n                            Permanent                        <\/li>\n                    <\/ul><span class=\"job-published-date date\"><time datetime=\"2026-04-01\">3 weeks ago<\/time><\/span><\/div><\/div><!-- \/.job-details --><\/a><\/li>                                    <li class=\"post-3389 job_listing type-job_listing status-publish has-post-thumbnail hentry job_listing_type-stala job-type-stala job_position_featured\" data-longitude=\"\" data-latitude=\"\">\n\t<a href=\"https:\/\/www.staffpartners.pl\/en\/job\/asystent-asystentka-biura-2\/\"><div class=\"job-listing-company-logo\"><img decoding=\"async\" class=\"company_logo\" src=\"https:\/\/www.staffpartners.pl\/wp-content\/uploads\/2026\/03\/Depositphotos_88001648_XL-150x150.jpg\" alt=\"\" \/><\/div><div class=\"job-details\"><div class=\"job-details-inner\"><h3 class=\"job-listing-loop-job__title\">Asystent \/ Asystentka Biura<\/h3><div class=\"job-listing-company company\">\n                                <\/div><div class=\"job-location location\">\n            <i class=\"la la-map-marker\"><\/i>Warsaw        <\/div><\/div><!-- \/.job-details-inner --><div class=\"job-listing-meta meta\"><div class=\"job-location location\">\n            <i class=\"la la-map-marker\"><\/i>Warsaw        <\/div>                        <ul class=\"job-types\">                        <li class=\"job-type stala\">\n                            Permanent                        <\/li>\n                    <\/ul><span class=\"job-published-date date\"><time datetime=\"2026-03-25\">4 weeks ago<\/time><\/span><\/div><\/div><!-- \/.job-details --><\/a><\/li>                                    <li class=\"post-3212 job_listing type-job_listing status-publish has-post-thumbnail hentry job_listing_type-stala job_listing_type-tymczasowa job-type-stala job-type-tymczasowa job_position_featured\" data-longitude=\"\" data-latitude=\"\">\n\t<a href=\"https:\/\/www.staffpartners.pl\/en\/job\/pracownik-kwiaciarni-2\/\"><div class=\"job-listing-company-logo\"><img decoding=\"async\" class=\"company_logo\" src=\"https:\/\/www.staffpartners.pl\/wp-content\/uploads\/2024\/02\/Depositphotos_315010342_XL-150x150.jpg\" alt=\"\" \/><\/div><div class=\"job-details\"><div class=\"job-details-inner\"><h3 class=\"job-listing-loop-job__title\">Pracownik kwiaciarni<\/h3><div class=\"job-listing-company company\">\n                                <\/div><div class=\"job-location location\">\n            <i class=\"la la-map-marker\"><\/i>Warszawa Anin        <\/div><\/div><!-- \/.job-details-inner --><div class=\"job-listing-meta meta\"><div class=\"job-location location\">\n            <i class=\"la la-map-marker\"><\/i>Warszawa Anin        <\/div>                        <ul class=\"job-types\">                        <li class=\"job-type stala\">\n                            Permanent                        <\/li>\n                                            <li class=\"job-type tymczasowa\">\n                            Temporary                        <\/li>\n                    <\/ul><span class=\"job-published-date date\"><time datetime=\"2026-03-06\">1 month ago<\/time><\/span><\/div><\/div><!-- \/.job-details --><\/a><\/li>                                    <li class=\"post-3283 job_listing type-job_listing status-publish has-post-thumbnail hentry job_listing_type-tymczasowa job-type-tymczasowa job_position_featured\" data-longitude=\"\" data-latitude=\"\">\n\t<a href=\"https:\/\/www.staffpartners.pl\/en\/job\/pracownik-w-magazynie-z-roslinami-pakowanie-do-wysylki-online\/\"><div class=\"job-listing-company-logo\"><img decoding=\"async\" class=\"company_logo\" src=\"https:\/\/www.staffpartners.pl\/wp-content\/uploads\/2025\/10\/Depositphotos_522338130_XL-150x150.jpg\" alt=\"\" \/><\/div><div class=\"job-details\"><div class=\"job-details-inner\"><h3 class=\"job-listing-loop-job__title\">Pracownik magazynu<\/h3><div class=\"job-listing-company company\">\n                                <\/div><div class=\"job-location location\">\n            <i class=\"la la-map-marker\"><\/i>Warsaw        <\/div><\/div><!-- \/.job-details-inner --><div class=\"job-listing-meta meta\"><div class=\"job-location location\">\n            <i class=\"la la-map-marker\"><\/i>Warsaw        <\/div>                        <ul class=\"job-types\">                        <li class=\"job-type tymczasowa\">\n                            Temporary                        <\/li>\n                    <\/ul><span class=\"job-published-date date\"><time datetime=\"2026-03-05\">2 months ago<\/time><\/span><\/div><\/div><!-- \/.job-details --><\/a><\/li>                                    <li class=\"post-3211 job_listing type-job_listing status-publish has-post-thumbnail hentry job_listing_type-stala job_listing_type-tymczasowa job-type-stala job-type-tymczasowa job_position_featured\" data-longitude=\"\" data-latitude=\"\">\n\t<a href=\"https:\/\/www.staffpartners.pl\/en\/job\/pracownik-dzialu-roslin-doniczkowych-lub-ogrodowych-2\/\"><div class=\"job-listing-company-logo\"><img decoding=\"async\" class=\"company_logo\" src=\"https:\/\/www.staffpartners.pl\/wp-content\/uploads\/2024\/09\/Depositphotos_79652814_XL-150x150.jpg\" alt=\"\" \/><\/div><div class=\"job-details\"><div class=\"job-details-inner\"><h3 class=\"job-listing-loop-job__title\">Pracownik dzia\u0142u ro\u015blin ogrodowych lub doniczkowych<\/h3><div class=\"job-listing-company company\">\n                                <\/div><div class=\"job-location location\">\n            <i class=\"la la-map-marker\"><\/i>Warszawa Anin        <\/div><\/div><!-- \/.job-details-inner --><div class=\"job-listing-meta meta\"><div class=\"job-location location\">\n            <i class=\"la la-map-marker\"><\/i>Warszawa Anin        <\/div>                        <ul class=\"job-types\">                        <li class=\"job-type stala\">\n                            Permanent                        <\/li>\n                                            <li class=\"job-type tymczasowa\">\n                            Temporary                        <\/li>\n                    <\/ul><span class=\"job-published-date date\"><time datetime=\"2026-03-05\">2 months ago<\/time><\/span><\/div><\/div><!-- \/.job-details --><\/a><\/li>                \n                <\/ul>\n\n                \n                    \n                                            <a class=\"load_more_jobs\" href=\"#\"><strong>Load more listings<\/strong><\/a>\n                    \n                \n            <\/div>        <\/div>\n    <\/section>\n    \t\t<\/div>\n\t\t\t\t<\/div>\n\t\t\t\t\t<\/div>\n\t\t<\/div>\n\t\t\t\t\t<\/div>\n\t\t<\/section>\n\t\t\t\t<section class=\"elementor-section elementor-top-section elementor-element elementor-element-c25d3f6 animated-slow elementor-section-boxed elementor-section-height-default elementor-section-height-default elementor-invisible\" data-id=\"c25d3f6\" data-element_type=\"section\" data-settings=\"{&quot;animation&quot;:&quot;fadeIn&quot;,&quot;background_background&quot;:&quot;classic&quot;}\">\n\t\t\t\t\t\t<div class=\"elementor-container elementor-column-gap-default\">\n\t\t\t\t\t<div class=\"elementor-column elementor-col-100 elementor-top-column elementor-element elementor-element-ea85973\" data-id=\"ea85973\" data-element_type=\"column\">\n\t\t\t<div class=\"elementor-widget-wrap elementor-element-populated\">\n\t\t\t\t\t\t<section class=\"elementor-section elementor-inner-section elementor-element elementor-element-e256536 elementor-section-boxed elementor-section-height-default elementor-section-height-default\" data-id=\"e256536\" data-element_type=\"section\">\n\t\t\t\t\t\t<div class=\"elementor-container elementor-column-gap-default\">\n\t\t\t\t\t<div class=\"elementor-column elementor-col-50 elementor-inner-column elementor-element elementor-element-97838be\" data-id=\"97838be\" data-element_type=\"column\">\n\t\t\t<div class=\"elementor-widget-wrap elementor-element-populated\">\n\t\t\t\t\t\t<div class=\"elementor-element elementor-element-f2a0baa elementor-widget elementor-widget-heading\" data-id=\"f2a0baa\" data-element_type=\"widget\" data-widget_type=\"heading.default\">\n\t\t\t\t<div class=\"elementor-widget-container\">\n\t\t\t<h2 class=\"elementor-heading-title elementor-size-default\">Recruitment Agency - Warsaw. <br>Step-by-step recruitment<\/h2>\t\t<\/div>\n\t\t\t\t<\/div>\n\t\t\t\t<div class=\"elementor-element elementor-element-5d9f2e5 elementor-widget elementor-widget-text-editor\" data-id=\"5d9f2e5\" data-element_type=\"widget\" data-widget_type=\"text-editor.default\">\n\t\t\t\t<div class=\"elementor-widget-container\">\n\t\t\t\t\t\t\t<p>The first stage of a recruitment project is to create, together with the client, a candidate profile and to define the necessary requirements for potential employees.<\/p><p>In the second stage, our consultants verify the existing database of candidates and select the submitted applications, followed by a preliminary telephone interview with selected candidates to verify the data contained in them.<\/p><p>During the third stage, during a face-to-face meeting with the selected Candidate, an interview is carried out in order to obtain details of their career history, as well as to identify their skills and aptitude for the position. Depending on the needs, we also check references, carry out aptitude and foreign language tests, examine the personality profile or level of motivation.<\/p><p>In the fourth stage, a report describing the profiles of the best recommended candidates is drafted and sent. The fifth stage involves meetings with a responsible person from the client's side, selected from the recommended candidates.\u00a0<\/p>\t\t\t\t\t\t<\/div>\n\t\t\t\t<\/div>\n\t\t\t\t\t<\/div>\n\t\t<\/div>\n\t\t\t\t<div class=\"elementor-column elementor-col-50 elementor-inner-column elementor-element elementor-element-5765be7\" data-id=\"5765be7\" data-element_type=\"column\">\n\t\t\t<div class=\"elementor-widget-wrap elementor-element-populated\">\n\t\t\t\t\t\t<div class=\"elementor-element elementor-element-2d2a09d elementor-widget elementor-widget-heading\" data-id=\"2d2a09d\" data-element_type=\"widget\" data-widget_type=\"heading.default\">\n\t\t\t\t<div class=\"elementor-widget-container\">\n\t\t\t<h2 class=\"elementor-heading-title elementor-size-default\">Personnel consultancy - Warsaw. <br>Who do we often recruit?<\/h2>\t\t<\/div>\n\t\t\t\t<\/div>\n\t\t\t\t<div class=\"elementor-element elementor-element-e64ac7f elementor-widget elementor-widget-text-editor\" data-id=\"e64ac7f\" data-element_type=\"widget\" data-widget_type=\"text-editor.default\">\n\t\t\t\t<div class=\"elementor-widget-container\">\n\t\t\t\t\t\t\t<ul><li>senior and middle managers,<\/li><li>employees of public and European institutions,<\/li><li>technical specialists,<\/li><li>specialists without managerial competence,<\/li><li>office and support employees<\/li><li>production line workers.<\/li><\/ul>\t\t\t\t\t\t<\/div>\n\t\t\t\t<\/div>\n\t\t\t\t<div class=\"elementor-element elementor-element-3447599 elementor-widget elementor-widget-heading\" data-id=\"3447599\" data-element_type=\"widget\" data-widget_type=\"heading.default\">\n\t\t\t\t<div class=\"elementor-widget-container\">\n\t\t\t<h2 class=\"elementor-heading-title elementor-size-default\">Satisfaction of both parties is our priority <\/h2>\t\t<\/div>\n\t\t\t\t<\/div>\n\t\t\t\t<div class=\"elementor-element elementor-element-94e16b5 elementor-widget elementor-widget-text-editor\" data-id=\"94e16b5\" data-element_type=\"widget\" data-widget_type=\"text-editor.default\">\n\t\t\t\t<div class=\"elementor-widget-container\">\n\t\t\t\t\t\t\t<p>The project ends with the signing of a contract between the Client and the selected Candidate. At every stage, we provide both parties involved with our assistance and experience to ensure that both the Employer and the Employee are satisfied with the outcome of our work.<\/p>\t\t\t\t\t\t<\/div>\n\t\t\t\t<\/div>\n\t\t\t\t<div class=\"elementor-element elementor-element-dcf7908 elementor-widget elementor-widget-heading\" data-id=\"dcf7908\" data-element_type=\"widget\" data-widget_type=\"heading.default\">\n\t\t\t\t<div class=\"elementor-widget-container\">\n\t\t\t<h2 class=\"elementor-heading-title elementor-size-default\">Recruitment services - Warsaw <\/h2>\t\t<\/div>\n\t\t\t\t<\/div>\n\t\t\t\t<div class=\"elementor-element elementor-element-39a7fce elementor-widget elementor-widget-text-editor\" data-id=\"39a7fce\" data-element_type=\"widget\" data-widget_type=\"text-editor.default\">\n\t\t\t\t<div class=\"elementor-widget-container\">\n\t\t\t\t\t\t\t<p>We provide recruitment services in the Mazowsze region, among others. We provide our services with a guarantee, the terms of which depend on the method used to find candidates and the specifics of the position. We invite you to contact us and we will arrange the details.<\/p>\t\t\t\t\t\t<\/div>\n\t\t\t\t<\/div>\n\t\t\t\t\t<\/div>\n\t\t<\/div>\n\t\t\t\t\t<\/div>\n\t\t<\/section>\n\t\t\t\t\t<\/div>\n\t\t<\/div>\n\t\t\t\t\t<\/div>\n\t\t<\/section>\n\t\t\t\t<section class=\"elementor-section elementor-top-section elementor-element elementor-element-31a65fd animated-slow elementor-section-boxed elementor-section-height-default elementor-section-height-default elementor-invisible\" data-id=\"31a65fd\" data-element_type=\"section\" data-settings=\"{&quot;animation&quot;:&quot;fadeIn&quot;}\">\n\t\t\t\t\t\t<div class=\"elementor-container elementor-column-gap-default\">\n\t\t\t\t\t<div class=\"elementor-column elementor-col-100 elementor-top-column elementor-element elementor-element-dea813e\" data-id=\"dea813e\" data-element_type=\"column\">\n\t\t\t<div class=\"elementor-widget-wrap elementor-element-populated\">\n\t\t\t\t\t\t<div class=\"elementor-element elementor-element-fc13570 elementor-widget elementor-widget-image\" data-id=\"fc13570\" data-element_type=\"widget\" data-widget_type=\"image.default\">\n\t\t\t\t<div class=\"elementor-widget-container\">\n\t\t\t\t\t\t\t\t\t\t\t\t\t<img fetchpriority=\"high\" decoding=\"async\" width=\"980\" height=\"457\" src=\"https:\/\/www.staffpartners.pl\/wp-content\/uploads\/2023\/06\/top2-1024x478.jpg\" class=\"attachment-large size-large wp-image-1445\" alt=\"\" srcset=\"https:\/\/www.staffpartners.pl\/wp-content\/uploads\/2023\/06\/top2-1024x478.jpg 1024w, https:\/\/www.staffpartners.pl\/wp-content\/uploads\/2023\/06\/top2-300x140.jpg 300w, https:\/\/www.staffpartners.pl\/wp-content\/uploads\/2023\/06\/top2-768x358.jpg 768w, https:\/\/www.staffpartners.pl\/wp-content\/uploads\/2023\/06\/top2-1536x717.jpg 1536w, https:\/\/www.staffpartners.pl\/wp-content\/uploads\/2023\/06\/top2.jpg 1650w\" sizes=\"(max-width: 980px) 100vw, 980px\" \/>\t\t\t\t\t\t\t\t\t\t\t\t\t<\/div>\n\t\t\t\t<\/div>\n\t\t\t\t\t<\/div>\n\t\t<\/div>\n\t\t\t\t\t<\/div>\n\t\t<\/section>\n\t\t\t\t<section class=\"elementor-section elementor-top-section elementor-element elementor-element-ea84f45 animated-slow elementor-section-boxed elementor-section-height-default elementor-section-height-default elementor-invisible\" data-id=\"ea84f45\" data-element_type=\"section\" data-settings=\"{&quot;animation&quot;:&quot;fadeIn&quot;}\">\n\t\t\t\t\t\t<div class=\"elementor-container elementor-column-gap-default\">\n\t\t\t\t\t<div class=\"elementor-column elementor-col-100 elementor-top-column elementor-element elementor-element-5beb5e9\" data-id=\"5beb5e9\" data-element_type=\"column\">\n\t\t\t<div class=\"elementor-widget-wrap elementor-element-populated\">\n\t\t\t\t\t\t<div class=\"elementor-element elementor-element-1e5a735 elementor-widget elementor-widget-heading\" data-id=\"1e5a735\" data-element_type=\"widget\" data-widget_type=\"heading.default\">\n\t\t\t\t<div class=\"elementor-widget-container\">\n\t\t\t<h2 class=\"elementor-heading-title elementor-size-default\">We look forward to working with you. <br>Our offices are located in Warsaw and Bialystok.<\/h2>\t\t<\/div>\n\t\t\t\t<\/div>\n\t\t\t\t\t<\/div>\n\t\t<\/div>\n\t\t\t\t\t<\/div>\n\t\t<\/section>\n\t\t\t\t<\/div>","protected":false},"excerpt":{"rendered":"","protected":false},"author":1,"featured_media":0,"parent":0,"menu_order":0,"comment_status":"closed","ping_status":"closed","template":"","meta":{"footnotes":""},"class_list":["post-1613","page","type-page","status-publish","hentry"],"aioseo_notices":[],"_links":{"self":[{"href":"https:\/\/www.staffpartners.pl\/en\/wp-json\/wp\/v2\/pages\/1613","targetHints":{"allow":["GET"]}}],"collection":[{"href":"https:\/\/www.staffpartners.pl\/en\/wp-json\/wp\/v2\/pages"}],"about":[{"href":"https:\/\/www.staffpartners.pl\/en\/wp-json\/wp\/v2\/types\/page"}],"author":[{"embeddable":true,"href":"https:\/\/www.staffpartners.pl\/en\/wp-json\/wp\/v2\/users\/1"}],"replies":[{"embeddable":true,"href":"https:\/\/www.staffpartners.pl\/en\/wp-json\/wp\/v2\/comments?post=1613"}],"version-history":[{"count":47,"href":"https:\/\/www.staffpartners.pl\/en\/wp-json\/wp\/v2\/pages\/1613\/revisions"}],"predecessor-version":[{"id":3200,"href":"https:\/\/www.staffpartners.pl\/en\/wp-json\/wp\/v2\/pages\/1613\/revisions\/3200"}],"wp:attachment":[{"href":"https:\/\/www.staffpartners.pl\/en\/wp-json\/wp\/v2\/media?parent=1613"}],"curies":[{"name":"wp","href":"https:\/\/api.w.org\/{rel}","templated":true}]}}